{"id":278,"date":"2023-06-18T08:29:56","date_gmt":"2023-06-18T08:29:56","guid":{"rendered":"https:\/\/baraniyiriwa.com\/il-progetto"},"modified":"2023-09-07T14:46:11","modified_gmt":"2023-09-07T14:46:11","slug":"il-progetto","status":"publish","type":"page","link":"https:\/\/baraniyiriwa.com\/it\/il-progetto","title":{"rendered":"Il progetto"},"content":{"rendered":"\t\t<div data-elementor-type=\"wp-page\" data-elementor-id=\"278\" class=\"elementor elementor-278 elementor-64\" data-elementor-post-type=\"page\">\n\t\t\t\t\t\t\t\t\t<section class=\"elementor-section elementor-top-section elementor-element elementor-element-77c0961 elementor-section-boxed elementor-section-height-default elementor-section-height-default\" data-id=\"77c0961\" data-element_type=\"section\" data-settings=\"{&quot;background_background&quot;:&quot;classic&quot;}\">\n\t\t\t\t\t\t<div class=\"elementor-container elementor-column-gap-default\">\n\t\t\t\t\t<div class=\"elementor-column elementor-col-100 elementor-top-column elementor-element elementor-element-b258f63\" data-id=\"b258f63\" data-element_type=\"column\" data-settings=\"{&quot;background_background&quot;:&quot;classic&quot;}\">\n\t\t\t<div class=\"elementor-widget-wrap elementor-element-populated\">\n\t\t\t\t\t\t\t\t<div class=\"elementor-element elementor-element-220131c elementor-widget elementor-widget-heading\" data-id=\"220131c\" data-element_type=\"widget\" data-widget_type=\"heading.default\">\n\t\t\t\t<div class=\"elementor-widget-container\">\n\t\t\t<style>\/*! elementor - v3.16.0 - 13-09-2023 *\/\n.elementor-heading-title{padding:0;margin:0;line-height:1}.elementor-widget-heading .elementor-heading-title[class*=elementor-size-]>a{color:inherit;font-size:inherit;line-height:inherit}.elementor-widget-heading .elementor-heading-title.elementor-size-small{font-size:15px}.elementor-widget-heading .elementor-heading-title.elementor-size-medium{font-size:19px}.elementor-widget-heading .elementor-heading-title.elementor-size-large{font-size:29px}.elementor-widget-heading .elementor-heading-title.elementor-size-xl{font-size:39px}.elementor-widget-heading .elementor-heading-title.elementor-size-xxl{font-size:59px}<\/style><h2 class=\"elementor-heading-title elementor-size-default\">Il progetto<\/h2>\t\t<\/div>\n\t\t\t\t<\/div>\n\t\t\t\t<div class=\"elementor-element elementor-element-701b5fc elementor-widget elementor-widget-text-editor\" data-id=\"701b5fc\" data-element_type=\"widget\" data-widget_type=\"text-editor.default\">\n\t\t\t\t<div class=\"elementor-widget-container\">\n\t\t\t<style>\/*! elementor - v3.16.0 - 13-09-2023 *\/\n.elementor-widget-text-editor.elementor-drop-cap-view-stacked .elementor-drop-cap{background-color:#69727d;color:#fff}.elementor-widget-text-editor.elementor-drop-cap-view-framed .elementor-drop-cap{color:#69727d;border:3px solid;background-color:transparent}.elementor-widget-text-editor:not(.elementor-drop-cap-view-default) .elementor-drop-cap{margin-top:8px}.elementor-widget-text-editor:not(.elementor-drop-cap-view-default) .elementor-drop-cap-letter{width:1em;height:1em}.elementor-widget-text-editor .elementor-drop-cap{float:left;text-align:center;line-height:1;font-size:50px}.elementor-widget-text-editor .elementor-drop-cap-letter{display:inline-block}<\/style>\t\t\t\t<p style=\"text-align: left\" align=\"JUSTIFY\">Bara Ni Yiriwa \u00e8 un progetto di cooperazione internazionale che intende favorire lo sviluppo socioeconomico e la creazione di opportunit\u00e0 di lavoro in Mali offrendo delle alternative valide e significative alla migrazione irregolare.<\/p>\n<p style=\"text-align: left\" align=\"JUSTIFY\">Il progetto, coordinato\u202fda\u202fTamat\u202fNGO, vede la collaborazione tra Fondazione ISMU, il Centro\u00a0di\u202fAteneo\u202fper la\u202fSolidariet\u00e0\u202fInternazionale\u202f(CESI)\u202fdell\u2019Universit\u00e0\u202fCattolica\u202fdel\u202fSacro\u202fCuore, l\u2019ONG maliana\u00a0Le Tonus, l\u2019Haut Conseil des Maliens des Maliens \u00e0 l\u2019Ext\u00e9rieur \u2013 Italie (H.C.M.E Italie) e Caritas Mali.<\/p>\n<p align=\"JUSTIFY\"><span style=\"font-size: large\"><b>Gli obiettivi<\/b><\/span><\/p>\n<ul>\n<li>\n<p align=\"JUSTIFY\"><b>accrescere le opportunit\u00e0 di impiego e autoimpiego dei beneficiari<\/b>, nel Cercle di Kati e in quattro villaggi dei comuni di Y\u00e9l\u00e9kebougou e Kambila, rafforzandone le competenze e le capacit\u00e0 professionali, nel settore agricolo e artigianale (fabbri ed idraulici) e nello sviluppo di microimprese<\/p>\n<\/li>\n<li>\n<p align=\"JUSTIFY\"><b>stimolare lo sviluppo economico locale<\/b>\u00a0attraverso la diaspora maliana in Italia, contribuendo al contempo al cambio di percezione e comportamento dei maliani a rischio emigrazione<\/p>\n<\/li>\n<\/ul>\n<p align=\"JUSTIFY\"><span style=\"font-size: large\"><b>Le azioni<\/b><\/span><\/p>\n<ul>\n<li>\n<p align=\"JUSTIFY\"><b>formazione di competenze specifiche da spendere nel mondo del lavoro<\/b>\u00a0anche grazie a input della diaspora. Oltre al settore agricolo, la formazione sar\u00e0 rivolta a fabbri e idraulici, figure artigianali particolarmente richieste in Mali vista la crescente urbanizzazione<\/p>\n<\/li>\n<li>\n<p align=\"JUSTIFY\"><b>avviamento e accompagnamento<\/b>\u00a0\u2013 come fase successiva \u2013\u00a0<b>al lavoro dipendente<\/b>, attraverso la formazione sulla gestione delle microimprese, aiuti allo start-up e assistenza tecnica<\/p>\n<\/li>\n<li>\n<p align=\"JUSTIFY\"><b>consulenza finanziaria<\/b>\u00a0(accesso al credito e input\/attrezzature)<\/p>\n<\/li>\n<li>\n<p align=\"JUSTIFY\">avvio di\u00a0<b>un meccanismo virtuoso<\/b>\u00a0di \u201cpassaggio\u201d delle competenze e di input e attrezzatture<\/p>\n<\/li>\n<li>\n<p align=\"JUSTIFY\"><b>supporto nel trasferimento di competenze\/esperienze<\/b>\u00a0e agli\u00a0<b>investimenti<\/b>\u00a0della diaspora in loco<\/p>\n<\/li>\n<li>\n<p align=\"JUSTIFY\"><b>supporto a percorsi di riflessione<\/b>\u00a0partecipata a livello comunitario<\/p>\n<\/li>\n<\/ul>\n\t\t\t\t\t\t<\/div>\n\t\t\t\t<\/div>\n\t\t\t\t<div class=\"elementor-element elementor-element-6f292fa elementor-align-center elementor-widget elementor-widget-button\" data-id=\"6f292fa\" data-element_type=\"widget\" data-widget_type=\"button.default\">\n\t\t\t\t<div class=\"elementor-widget-container\">\n\t\t\t\t\t<div class=\"elementor-button-wrapper\">\n\t\t\t<a class=\"elementor-button elementor-button-link elementor-size-md\" href=\"https:\/\/baraniyiriwa.com\/it\/aziende-coinvolte\">\n\t\t\t\t\t\t<span class=\"elementor-button-content-wrapper\">\n\t\t\t\t\t\t<span class=\"elementor-button-text\">Scopri tutte le aziende coinvolte<\/span>\n\t\t<\/span>\n\t\t\t\t\t<\/a>\n\t\t<\/div>\n\t\t\t\t<\/div>\n\t\t\t\t<\/div>\n\t\t\t\t\t<\/div>\n\t\t<\/div>\n\t\t\t\t\t\t\t<\/div>\n\t\t<\/section>\n\t\t\t\t\t\t\t<\/div>\n\t\t","protected":false},"excerpt":{"rendered":"<p>Scopri tutte le aziende coinvolte<\/p>\n","protected":false},"author":1,"featured_media":0,"parent":0,"menu_order":0,"comment_status":"closed","ping_status":"closed","template":"elementor_header_footer","meta":{"footnotes":""},"class_list":["post-278","page","type-page","status-publish","hentry"],"acf":[],"_links":{"self":[{"href":"https:\/\/baraniyiriwa.com\/it\/wp-json\/wp\/v2\/pages\/278","targetHints":{"allow":["GET"]}}],"collection":[{"href":"https:\/\/baraniyiriwa.com\/it\/wp-json\/wp\/v2\/pages"}],"about":[{"href":"https:\/\/baraniyiriwa.com\/it\/wp-json\/wp\/v2\/types\/page"}],"author":[{"embeddable":true,"href":"https:\/\/baraniyiriwa.com\/it\/wp-json\/wp\/v2\/users\/1"}],"replies":[{"embeddable":true,"href":"https:\/\/baraniyiriwa.com\/it\/wp-json\/wp\/v2\/comments?post=278"}],"version-history":[{"count":0,"href":"https:\/\/baraniyiriwa.com\/it\/wp-json\/wp\/v2\/pages\/278\/revisions"}],"wp:attachment":[{"href":"https:\/\/baraniyiriwa.com\/it\/wp-json\/wp\/v2\/media?parent=278"}],"curies":[{"name":"wp","href":"https:\/\/api.w.org\/{rel}","templated":true}]}}